{"id":440,"date":"2013-03-29T00:08:30","date_gmt":"2013-03-29T00:08:30","guid":{"rendered":"http:\/\/dreamtworeality.de\/?page_id=440"},"modified":"2013-03-29T00:08:30","modified_gmt":"2013-03-29T00:08:30","slug":"in-chile","status":"publish","type":"page","link":"https:\/\/dreamtworeality.de\/?page_id=440","title":{"rendered":"In Chile"},"content":{"rendered":"<p><strong>Puerto Natales<\/strong><em> \u00a0\u00a0\u00a0\u00a0\u00a0\u00a0\u00a0\u00a0 Restaurant<\/em><\/p>\n<p><strong>El Living<br \/>\n<\/strong><\/p>\n<ul>\n<li>Vegetarisches Restaurant mit abwechslungsreicher, interessanter Karte<\/li>\n<li>Gutes Preis\/Leistungsverh\u00e4ltnis<\/li>\n<li>Lounge-Athmosph\u00e4re<\/li>\n<li>gute Zeitschriftenauswahl<\/li>\n<li>leckerer Kaffee.<\/li>\n<\/ul>\n<p><span style=\"font-size: 12px;\">Arturo Prat 156, La Plaza<\/span><br \/>\n<span style=\"font-size: 12px;\">Puerto Natales <\/span><br \/>\n<span style=\"font-size: 12px;\"> <a href=\"http:\/\/www.el-living.com\/\">http:\/\/www.el-living.com<\/a><\/span><\/p>\n<p>&nbsp;<\/p>\n<p><strong>Puerto Natales<\/strong><em> \u00a0\u00a0\u00a0\u00a0\u00a0\u00a0\u00a0\u00a0 Tour<\/em><\/p>\n<p style=\"margin-bottom: 0cm;\"><strong>Navimag<br \/>\n<\/strong><em>F\u00e4hrschiff von Puerto Natales nach Puerto Montt (4 N\u00e4chte\/5 Tage)<\/em><\/p>\n<ul>\n<li>Sehr gute M\u00f6glichkeit, die Strecke mit super Ausblicken auf Gletscher und Fjordlandschaften, mit interessanten Vortr\u00e4gen\/Filmen \u00fcber Tier und Pflanzenwelt Patagoniens zur\u00fcckzulegen<\/li>\n<li>Es gibt verschiedene Kabinenklassen (mit Fenster lohnt sich)<\/li>\n<li>Es werden 3 Mahlzeiten im Speiseraum angeboten<\/li>\n<li><strong>Tipp: Getr\u00e4nke und Snacks d\u00fcrfen mitgebracht werden, an der Bar bekommt man die passenden Gl\u00e4ser. <\/strong><\/li>\n<li>Der Baileys mit original tausendj\u00e4hrigen Gletschereis in der Bar ist zu empfehlen.<\/li>\n<\/ul>\n<p><span style=\"font-size: 12px;\"><a href=\"http:\/\/www.navimag.com\" target=\"_blank\">http:\/\/www.navimag.com<\/a><\/span><\/p>\n<p>&nbsp;<\/p>\n<p style=\"margin-bottom: 0cm;\"><strong>Tena\u00fan (Chiloe)<\/strong><em><br \/>\nKleines verschlafenes Fischerdorf \u201eab vom Schuss\u201c.<\/em><br \/>\n<em> Sehr ruhig, es gibt fast keine Touristen.<\/em><br \/>\n<em> Sch\u00f6ne Kirche.<\/em><br \/>\n<em> Bootsausfl\u00fcge nach Mechuque mit einem der Fischer lohnt sich<\/em><br \/>\n<em> Delfine kommen bis zum Ufer<\/em><br \/>\n<em> Minimarkt \/ Restaurant vorhanden.<\/em><\/p>\n<p style=\"margin-bottom: 0cm;\"><strong>Hospedaje Mirella<\/strong>\u00a0\u00a0\u00a0\u00a0\u00a0\u00a0\u00a0\u00a0\u00a0 <em> \u00a0\u00a0\u00a0\u00a0\u00a0\u00a0\u00a0\u00a0 Hosteria<\/em><strong><br \/>\n<\/strong><\/p>\n<ul>\n<li>Es schmeckt es so gut, da\u00df Vollpension empfehlenswert ist<\/li>\n<li>Selbst-gefangener Fisch<\/li>\n<li>Gartengem\u00fcse<\/li>\n<li>Hausgemachtes Brot<\/li>\n<li>Bohnenkaffee<\/li>\n<li>selbstgebackener Kuchen<\/li>\n<li>Freundliche Zimmer<\/li>\n<li>Sehr freundliche Gastgeber<\/li>\n<li>Kein Internetzugang<\/li>\n<li>Sehr gutes Preis-\/Leistungsverh\u00e4ltnis<\/li>\n<\/ul>\n<p><span style=\"font-size: 12px;\">Hospedaje Mirella Monta\u00f1a<\/span><br \/>\n<span style=\"font-size: 12px;\"> Tel. 09-9647-6750<\/span><br \/>\n<span style=\"font-size: 12px;\"> (2 H\u00e4user links neben der Kirche)<\/span><\/p>\n","protected":false},"excerpt":{"rendered":"<p>Puerto Natales \u00a0\u00a0\u00a0\u00a0\u00a0\u00a0\u00a0\u00a0 Restaurant El Living Vegetarisches Restaurant mit abwechslungsreicher, interessanter Karte Gutes Preis\/Leistungsverh\u00e4ltnis Lounge-Athmosph\u00e4re gute Zeitschriftenauswahl leckerer Kaffee. Arturo Prat 156, La Plaza Puerto Natales http:\/\/www.el-living.com &nbsp; Puerto Natales \u00a0\u00a0\u00a0\u00a0\u00a0\u00a0\u00a0\u00a0 Tour Navimag F\u00e4hrschiff von Puerto Natales nach Puerto Montt &hellip; <a href=\"https:\/\/dreamtworeality.de\/?page_id=440\">Weiterlesen <span class=\"meta-nav\">&rarr;<\/span><\/a><\/p>\n","protected":false},"author":2,"featured_media":0,"parent":0,"menu_order":0,"comment_status":"open","ping_status":"open","template":"","meta":{"ngg_post_thumbnail":0,"footnotes":""},"class_list":["post-440","page","type-page","status-publish","hentry"],"_links":{"self":[{"href":"https:\/\/dreamtworeality.de\/index.php?rest_route=\/wp\/v2\/pages\/440","targetHints":{"allow":["GET"]}}],"collection":[{"href":"https:\/\/dreamtworeality.de\/index.php?rest_route=\/wp\/v2\/pages"}],"about":[{"href":"https:\/\/dreamtworeality.de\/index.php?rest_route=\/wp\/v2\/types\/page"}],"author":[{"embeddable":true,"href":"https:\/\/dreamtworeality.de\/index.php?rest_route=\/wp\/v2\/users\/2"}],"replies":[{"embeddable":true,"href":"https:\/\/dreamtworeality.de\/index.php?rest_route=%2Fwp%2Fv2%2Fcomments&post=440"}],"version-history":[{"count":6,"href":"https:\/\/dreamtworeality.de\/index.php?rest_route=\/wp\/v2\/pages\/440\/revisions"}],"predecessor-version":[{"id":448,"href":"https:\/\/dreamtworeality.de\/index.php?rest_route=\/wp\/v2\/pages\/440\/revisions\/448"}],"wp:attachment":[{"href":"https:\/\/dreamtworeality.de\/index.php?rest_route=%2Fwp%2Fv2%2Fmedia&parent=440"}],"curies":[{"name":"wp","href":"https:\/\/api.w.org\/{rel}","templated":true}]}}